{"id":217,"date":"2021-10-18T11:37:39","date_gmt":"2021-10-18T09:37:39","guid":{"rendered":"https:\/\/leshautespierres.derigon.net\/?page_id=217"},"modified":"2024-12-20T18:58:12","modified_gmt":"2024-12-20T17:58:12","slug":"hiver","status":"publish","type":"page","link":"https:\/\/gite-les-hautes-pierres.com\/index.php\/liens-utiles\/hiver\/","title":{"rendered":"Hiver"},"content":{"rendered":"\n<figure class=\"wp-block-gallery has-nested-images columns-4 is-cropped wp-block-gallery-1 is-layout-flex wp-block-gallery-is-layout-flex\">\n<figure class=\"wp-block-image size-large\"><img loading=\"lazy\" decoding=\"async\" width=\"1024\" height=\"662\" data-id=\"502\" src=\"https:\/\/gite-les-hautes-pierres.com\/wp-content\/uploads\/2021\/10\/01-man-gc88d101ae_1920-1024x662.jpg\" alt=\"\" class=\"wp-image-502\" srcset=\"https:\/\/gite-les-hautes-pierres.com\/wp-content\/uploads\/2021\/10\/01-man-gc88d101ae_1920-1024x662.jpg 1024w, https:\/\/gite-les-hautes-pierres.com\/wp-content\/uploads\/2021\/10\/01-man-gc88d101ae_1920-300x194.jpg 300w, https:\/\/gite-les-hautes-pierres.com\/wp-content\/uploads\/2021\/10\/01-man-gc88d101ae_1920-768x497.jpg 768w, https:\/\/gite-les-hautes-pierres.com\/wp-content\/uploads\/2021\/10\/01-man-gc88d101ae_1920-1536x994.jpg 1536w, https:\/\/gite-les-hautes-pierres.com\/wp-content\/uploads\/2021\/10\/01-man-gc88d101ae_1920-464x300.jpg 464w, https:\/\/gite-les-hautes-pierres.com\/wp-content\/uploads\/2021\/10\/01-man-gc88d101ae_1920.jpg 1920w\" sizes=\"auto, (max-width: 1024px) 100vw, 1024px\" \/><\/figure>\n\n\n\n<figure class=\"wp-block-image size-large\"><img loading=\"lazy\" decoding=\"async\" width=\"1024\" height=\"682\" data-id=\"503\" src=\"https:\/\/gite-les-hautes-pierres.com\/wp-content\/uploads\/2021\/10\/02-raquettes-snow-g876254d92_1920-1024x682.jpg\" alt=\"\" class=\"wp-image-503\" srcset=\"https:\/\/gite-les-hautes-pierres.com\/wp-content\/uploads\/2021\/10\/02-raquettes-snow-g876254d92_1920-1024x682.jpg 1024w, https:\/\/gite-les-hautes-pierres.com\/wp-content\/uploads\/2021\/10\/02-raquettes-snow-g876254d92_1920-300x200.jpg 300w, https:\/\/gite-les-hautes-pierres.com\/wp-content\/uploads\/2021\/10\/02-raquettes-snow-g876254d92_1920-768x511.jpg 768w, https:\/\/gite-les-hautes-pierres.com\/wp-content\/uploads\/2021\/10\/02-raquettes-snow-g876254d92_1920-1536x1022.jpg 1536w, https:\/\/gite-les-hautes-pierres.com\/wp-content\/uploads\/2021\/10\/02-raquettes-snow-g876254d92_1920-451x300.jpg 451w, https:\/\/gite-les-hautes-pierres.com\/wp-content\/uploads\/2021\/10\/02-raquettes-snow-g876254d92_1920.jpg 1920w\" sizes=\"auto, (max-width: 1024px) 100vw, 1024px\" \/><\/figure>\n\n\n\n<figure class=\"wp-block-image size-large\"><img loading=\"lazy\" decoding=\"async\" width=\"1024\" height=\"713\" data-id=\"505\" src=\"https:\/\/gite-les-hautes-pierres.com\/wp-content\/uploads\/2021\/10\/04-huskies-gd56d9fe91_1920-1024x713.jpg\" alt=\"\" class=\"wp-image-505\" srcset=\"https:\/\/gite-les-hautes-pierres.com\/wp-content\/uploads\/2021\/10\/04-huskies-gd56d9fe91_1920-1024x713.jpg 1024w, https:\/\/gite-les-hautes-pierres.com\/wp-content\/uploads\/2021\/10\/04-huskies-gd56d9fe91_1920-300x209.jpg 300w, https:\/\/gite-les-hautes-pierres.com\/wp-content\/uploads\/2021\/10\/04-huskies-gd56d9fe91_1920-768x534.jpg 768w, https:\/\/gite-les-hautes-pierres.com\/wp-content\/uploads\/2021\/10\/04-huskies-gd56d9fe91_1920-1536x1069.jpg 1536w, https:\/\/gite-les-hautes-pierres.com\/wp-content\/uploads\/2021\/10\/04-huskies-gd56d9fe91_1920-431x300.jpg 431w, https:\/\/gite-les-hautes-pierres.com\/wp-content\/uploads\/2021\/10\/04-huskies-gd56d9fe91_1920.jpg 1920w\" sizes=\"auto, (max-width: 1024px) 100vw, 1024px\" \/><\/figure>\n\n\n\n<figure class=\"wp-block-image size-large\"><img loading=\"lazy\" decoding=\"async\" width=\"1024\" height=\"576\" data-id=\"506\" src=\"https:\/\/gite-les-hautes-pierres.com\/wp-content\/uploads\/2021\/10\/05-ice-climbing-g3bdd8df00_1920-1024x576.jpg\" alt=\"\" class=\"wp-image-506\" srcset=\"https:\/\/gite-les-hautes-pierres.com\/wp-content\/uploads\/2021\/10\/05-ice-climbing-g3bdd8df00_1920-1024x576.jpg 1024w, https:\/\/gite-les-hautes-pierres.com\/wp-content\/uploads\/2021\/10\/05-ice-climbing-g3bdd8df00_1920-300x169.jpg 300w, https:\/\/gite-les-hautes-pierres.com\/wp-content\/uploads\/2021\/10\/05-ice-climbing-g3bdd8df00_1920-768x432.jpg 768w, https:\/\/gite-les-hautes-pierres.com\/wp-content\/uploads\/2021\/10\/05-ice-climbing-g3bdd8df00_1920-1536x864.jpg 1536w, https:\/\/gite-les-hautes-pierres.com\/wp-content\/uploads\/2021\/10\/05-ice-climbing-g3bdd8df00_1920-533x300.jpg 533w, https:\/\/gite-les-hautes-pierres.com\/wp-content\/uploads\/2021\/10\/05-ice-climbing-g3bdd8df00_1920.jpg 1920w\" sizes=\"auto, (max-width: 1024px) 100vw, 1024px\" \/><\/figure>\n<\/figure>\n\n\n\n<p class=\"has-normal-font-size\"><strong>Num\u00e9ros utiles <\/strong><br>Lorsque vous partez en randonn\u00e9e, pensez \u00e0 pr\u00e9venir de votre d\u00e9part et \u00e0 vous munir d\u2019un t\u00e9l\u00e9phone pour joindre les secours en cas de besoin<br>Urgences : 112<br>Pompiers : 18<br>Samu : 15<br>Gendarmerie : 17<br>Appels d\u2019urgences pour les personnes sourdes, malentendantes : 114<br><\/p>\n\n\n\n<p><strong><a rel=\"noreferrer noopener\" href=\"https:\/\/www.puy-de-dome.fr\/routes\/inforoute-63.html\/\" data-type=\"URL\" data-id=\"https:\/\/www.puy-de-dome.fr\/routes\/inforoute-63.html\/\" target=\"_blank\">Etat des routes<\/a><\/strong> en hiver (de novembre \u00e0 mars) et <strong><a rel=\"noreferrer noopener\" href=\"https:\/\/www.puy-de-dome.fr\/routes\/webcam.html\" data-type=\"URL\" data-id=\"https:\/\/www.puy-de-dome.fr\/routes\/webcam.html\" target=\"_blank\">webcams<\/a><\/strong> du Puy de D\u00f4me<\/p>\n\n\n\n<p>Bulletins d&rsquo;enneigement et <strong><a href=\"https:\/\/lemontdore.fr\/en-direct\" data-type=\"link\" data-id=\"https:\/\/lemontdore.fr\/en-direct\" target=\"_blank\" rel=\"noreferrer noopener\">pistes ouvertes<\/a><\/strong> : <br>Le Mont Dore : <a href=\"https:\/\/www.sancy.com\/decouvrir\/toutes-les-communes\/le-mont-dore\/mont-dore-station-ski-et-sports-hiver\/enneigement-station-mont-dore\/\" data-type=\"link\" data-id=\"https:\/\/www.sancy.com\/decouvrir\/toutes-les-communes\/le-mont-dore\/mont-dore-station-ski-et-sports-hiver\/enneigement-station-mont-dore\/\"><strong>e<\/strong><\/a><a href=\"https:\/\/www.sancy.com\/decouvrir\/toutes-les-communes\/le-mont-dore\/mont-dore-station-ski-et-sports-hiver\/enneigement-station-mont-dore\/\" data-type=\"link\" data-id=\"https:\/\/www.sancy.com\/decouvrir\/toutes-les-communes\/le-mont-dore\/mont-dore-station-ski-et-sports-hiver\/enneigement-station-mont-dore\/\" target=\"_blank\" rel=\"noreferrer noopener\"><strong>nneigement<\/strong><\/a> et <strong><a href=\"https:\/\/www.sancy.com\/decouvrir\/toutes-les-communes\/le-mont-dore\/webcams\/\" data-type=\"link\" data-id=\"https:\/\/www.sancy.com\/decouvrir\/toutes-les-communes\/le-mont-dore\/webcams\/\" target=\"_blank\" rel=\"noreferrer noopener\">webcams<\/a><\/strong><br>Autres stations du <strong><a href=\"https:\/\/www.sancy.com\/pratique\/enneigement\/\" data-type=\"URL\" data-id=\"https:\/\/www.sancy.com\/pratique\/enneigement\/\" target=\"_blank\" rel=\"noreferrer noopener\">Sancy<\/a><\/strong><\/p>\n\n\n\n<p><strong><a rel=\"noreferrer noopener\" href=\"https:\/\/www.sancy.com\/\" target=\"_blank\">Office de tourisme du Sancy<\/a><\/strong><\/p>\n\n\n\n<p><strong><a href=\"https:\/\/www.sancy.com\/destination\/toutes-les-communes\/le-mont-dore\/\" target=\"_blank\" rel=\"noreferrer noopener\">Office de tourisme du Mont Dore<\/a><\/strong> : Avenue de la Lib\u00e9ration \u2013 63240 Le Mont Dore \u2013 04 73 65 20 21<\/p>\n\n\n\n<p><strong><a href=\"https:\/\/www.facebook.com\/pghm63montdore\/?paipv=0&amp;eav=AfY7lBmytlj1Llk_Guvz7qrLmNjaNGlwqsYtlNGIL5bC9umS5ZxavkmlopNGYkw-8vg&amp;_rdr\" target=\"_blank\" rel=\"noreferrer noopener\">Peloton de Gendarmerie de Montagne du Mont-Dore<\/a><\/strong> (PGM)<br>26 rue des chasseurs alpins 63240 Le Mont-Dore \u2013 04 73 65 04 06 (<strong><a rel=\"noreferrer noopener\" href=\"https:\/\/www.sancy.com\/commerce-service\/peloton-de-gendarmerie-de-montagne\/\" target=\"_blank\">en savoir plus<\/a><\/strong>)<\/p>\n\n\n\n<p><a href=\"http:\/\/www.bam-montdore.com\/\" target=\"_blank\" rel=\"noreferrer noopener\"><strong>Bureau des Accompagnateurs en Montagne<\/strong><\/a> (BAM) 63240 Le Mont Dore \u2013 04 73 65 07 74<br>Ses guides vous accompagnent dans vos sorties<\/p>\n\n\n\n<p>Des<strong> <a href=\"https:\/\/www.sancy.com\/fr\/fiche\/commerce-et-service\/navette-le-mont-dore-le-sancy-periode-hiver-mont-dore_TFO4675565\/?fbclid=IwZXh0bgNhZW0CMTAAAR2ae92ctEqHHhIwywLKcoOMi1LAgrwAJEz-CKJDHie1sdW76sV2zHNC6AM_aem_6fuGaHyN7RSCJFh90jcP5A\" data-type=\"link\" data-id=\"https:\/\/www.sancy.com\/fr\/fiche\/commerce-et-service\/navette-le-mont-dore-le-sancy-periode-hiver-mont-dore_TFO4675565\/\" target=\"_blank\" rel=\"noreferrer noopener\">navettes<\/a><\/strong> gratuites entre le Mont-Dore, le Sancy (ski alpin espace ludique) et le Capucin (domaine nordique : raquettes et ski de fond) sont mises \u00e0 votre disposition par la ville du Mont Dore : tous les jours du 21\/12\/2024 au 05\/01\/2025, tous les weekend du 06\/01\/2025 au 07\/02\/2025,  tous les jours du 08\/02\/2025 au 09\/03\/2025, et tous les weekend du 10\/03 au 23\/03\/2025 (horaires t\u00e9l\u00e9charger <strong><a href=\"https:\/\/www.sancy.com\/fr\/fiche\/commerce-et-service\/navette-le-mont-dore-le-sancy-periode-hiver-mont-dore_TFO4675565\/?fbclid=IwZXh0bgNhZW0CMTAAAR2ae92ctEqHHhIwywLKcoOMi1LAgrwAJEz-CKJDHie1sdW76sV2zHNC6AM_aem_6fuGaHyN7RSCJFh90jcP5A\" data-type=\"page\" data-id=\"815\" target=\"_blank\" rel=\"noreferrer noopener\">ici<\/a><\/strong>). Les navettes circulent si les pistes sont ouvertes : renseignez vous. Attention, ces navettes ne transportent pas de voyageur avec bagage : elles sont r\u00e9serv\u00e9es aux skieurs !  <em>Pour suivre l&rsquo;arriv\u00e9e des navettes, t\u00e9l\u00e9chargez l&rsquo;application zenbus sur votre smatphone<\/em>.<\/p>\n\n\n\n<p>Un bus relie La Bourboule au Mont Dore et au pied du Sancy (station de ski alpin) : horaires et tarifs <strong><a rel=\"noreferrer noopener\" href=\"https:\/\/www.sancy.com\/fr\/fiche\/commerce-et-service\/ligne-p45-la-bourboule-le-mont-dore-le-sancy-saison-hiver-la-bourboule_TFO4675557\/\" target=\"_blank\">ici<\/a>.<\/strong><\/p>\n\n\n\n<p>Le Mont Dore en hiver c&rsquo;est un large choix d&rsquo;<strong><a href=\"https:\/\/lemontdore.fr\/activites?tags%5B%5D=hiver\" target=\"_blank\" rel=\"noreferrer noopener\">activit\u00e9s<\/a><\/strong> en famille, en couple, entre amis, en ext\u00e9rieur comme en int\u00e9rieur ! <\/p>\n\n\n\n<h4 class=\"wp-block-heading\">Randonn\u00e9e p\u00e9destre<\/h4>\n\n\n\n<p>Le massif du Sancy totalise 650 km de sentiers balis\u00e9s, avec une signal\u00e9tique sp\u00e9cifique. Pour les <a href=\"https:\/\/www.sancy.com\/circuits\/balades-hivernales\/\" target=\"_blank\" rel=\"noreferrer noopener\"><strong>balades hivernales<\/strong><\/a>, pr\u00e9voyez un \u00e9quipement adapt\u00e9 aux conditions m\u00e9t\u00e9o.  Il existe plusieurs cartes et topoguides :<br>\u2013 carte Massif du Sancy 1\/30000\u00e8me \u2013 \u00c9dition Chamina<br>\u2013 carte IGN 2432ET \u2013 Massif du Sancy, PNR des Volcans d\u2019Auvergne<br>\u2013 Guide Chamina \u00ab&nbsp;22 balades exceptionnelles&nbsp;\u00bb<br>\u2013 Guide Chamina \u00ab&nbsp;Les volcans d\u2019Auvergne&nbsp;\u00bb.<\/p>\n\n\n\n<p>Ne sous estimez pas notre montagne : <strong><a href=\"https:\/\/www.sancy.com\/decouvrir\/incontournables\/sancy-version-neige\/\" target=\"_blank\" rel=\"noreferrer noopener\">le Sancy en hiver<\/a><\/strong> c&rsquo;est une aventure digne du Grand Nord ! Si vous n&rsquo;\u00eates pas connaisseur ne vous aventurez pas sur les cr\u00eates enneig\u00e9es et n&rsquo;h\u00e9sitez pas \u00e0 faire appel \u00e0 des professionnels. Le Sancy pr\u00e9sente quelqu<\/p>\n\n\n\n<p>Le site <strong><a rel=\"noreferrer noopener\" href=\"https:\/\/www.balirando.fr\/circuits-sancy\/\" target=\"_blank\">Balirando<\/a><\/strong> (association \u00e0 but non lucratif compos\u00e9e exclusivement de b\u00e9n\u00e9voles) propose plus de <strong>300 itin\u00e9raires <\/strong>de petite randonn\u00e9e et circuits \u00e0 \u00e9tapes balis\u00e9s, avec cartes, descriptifs et traces GPX, <strong>dont une trentaine dans le massif du Sancy<\/strong>, \u00e0 <strong><a rel=\"noreferrer noopener\" href=\"https:\/\/www.balirando.fr\/circuits-sancy\/\" target=\"_blank\">t\u00e9l\u00e9charger gratuitement<\/a><\/strong>.<\/p>\n\n\n\n<p>Vous pouvez \u00e9galement t\u00e9l\u00e9charger l&rsquo;application <strong><a rel=\"noreferrer noopener\" href=\"https:\/\/www.sancy.com\/circuits\/application-guidage-sancy-explorer\/\" target=\"_blank\">Sancy Explorer<\/a><\/strong>, application de guidage avec tous les parcours de l&rsquo;Office de Tourisme du Sancy (\u00e0 t\u00e9l\u00e9charger <strong>gratuitement<\/strong> sur <strong><a rel=\"noreferrer noopener\" href=\"https:\/\/apps.apple.com\/us\/app\/sancy-explorer\/id1459386829\" target=\"_blank\">Apple Store<\/a><\/strong> ou <strong><a rel=\"noreferrer noopener\" href=\"https:\/\/play.google.com\/store\/apps\/details?id=com.mobilepowered.sancy&amp;hl=fr&amp;pli=1\" target=\"_blank\">Google Play<\/a><\/strong>).<\/p>\n\n\n\n<h4 class=\"wp-block-heading\">T\u00e9l\u00e9ph\u00e9rique<\/h4>\n\n\n\n<p><strong><a rel=\"noreferrer noopener\" href=\"https:\/\/www.sancy.com\/equipement-loisirs\/telepherique-du-sancy-2\/#cdrsituation\" target=\"_blank\">T\u00e9l\u00e9ph\u00e9rique du Sancy<\/a><\/strong> Station du Mont Dore \u2013 Le pied du Sancy \u2013 04 73 65 02 23<br><em>le t\u00e9l\u00e9ph\u00e9rique se situe \u00e0 3km du Mont-Dore. En voiture depuis le centre ville du Mont-Dore suivre la direction Sancy \/ Station du Mont-Dore<\/em><br>Le moyen le plus rapide pour acc\u00e9der au sommet du Sancy<\/p>\n\n\n\n<h4 class=\"wp-block-heading\">Cours de Ski<\/h4>\n\n\n\n<p class=\"has-normal-font-size\"><strong><a href=\"https:\/\/www.esf-lemontdore.fr\/\" target=\"_blank\" rel=\"noreferrer noopener\">ESF<\/a><\/strong> Le Mont Dore Le Pied du Sancy 63240 Le Mont Dore &#8211; 04 73 65 07 43<\/p>\n\n\n\n<h4 class=\"wp-block-heading\">Activit\u00e9s<\/h4>\n\n\n\n<p class=\"has-normal-font-size\">Le Sancy en hiver c&rsquo;est une multitude d&rsquo;activit\u00e9s : ski, sorties en raquettes, escalade, balades en chiens de tra\u00eeneau, etc &#8230; !<\/p>\n\n\n\n<p class=\"has-normal-font-size\"><strong><a href=\"https:\/\/www.sancy.com\/destination\/hiver\/ski\/\" data-type=\"URL\" data-id=\"https:\/\/www.sancy.com\/destination\/hiver\/ski\/\" target=\"_blank\" rel=\"noreferrer noopener\">Ski de descente<\/a><\/strong><\/p>\n\n\n\n<p class=\"has-normal-font-size\"><strong><a href=\"https:\/\/www.sancy.com\/voir-faire\/activites-neige\/ski-de-fond\/\" target=\"_blank\" rel=\"noreferrer noopener\">Ski de fond<\/a><\/strong><\/p>\n\n\n\n<h4 class=\"wp-block-heading\">Raquettes \/ Chien de tra\u00eeneau \/ Marche nordique<\/h4>\n\n\n\n<p class=\"has-normal-font-size\"><strong><a rel=\"noreferrer noopener\" href=\"https:\/\/auvergnattitude.fr\/\" target=\"_blank\">Auvergn\u2019Attitude<\/a><\/strong> Chalet de la Banne 63150 Murat le Quaire \u2013 06 30 37 07 84<br>En Auvergne, des professionnels d\u2019activit\u00e9s non motoris\u00e9s de pleine nature , VTT, marche nordique, parapente, randonn\u00e9e, partagent leurs passions<\/p>\n\n\n\n<p><a rel=\"noreferrer noopener\" href=\"https:\/\/www.sancy.com\/voir-faire\/activites-neige\/raquettes\/\" data-type=\"URL\" data-id=\"https:\/\/www.sancy.com\/voir-faire\/activites-neige\/raquettes\/\" target=\"_blank\"><strong>Raquettes<\/strong><\/a> accessible \u00e0 tous, l&rsquo;activit\u00e9 \u00ab\u00a0raquette\u00a0\u00bb se pratique seul ou en famille et vous permet de randonner sur tous types de neige et sur pratiquement tous les terrains.<br><strong><a rel=\"noreferrer noopener\" href=\"https:\/\/www.sancy.com\/voir-faire\/activites-neige\/chiens-de-traineau\/\" data-type=\"URL\" data-id=\"https:\/\/www.sancy.com\/voir-faire\/activites-neige\/chiens-de-traineau\/\" target=\"_blank\">Chiens de tra\u00eeneau<\/a><\/strong> activit\u00e9 de plein air au contact des chiens de tra\u00eeneau, d\u00e9couvrez les plaisirs de la glisse en pleine nature. Une aventure \u00e0 vivre seul, en famille ou entre amis.<br><strong><a rel=\"noreferrer noopener\" href=\"http:\/\/marche-nordique-sancy.com\/\" data-type=\"URL\" data-id=\"http:\/\/marche-nordique-sancy.com\/\" target=\"_blank\">Marche nordique<\/a><\/strong> accessible \u00e0 tous, la marche nordique se pratique \u00e9t\u00e9 comme hiver et permet de se muscler en douceur, d&rsquo;entretenir ses articulations et de profiter de la nature<\/p>\n\n\n\n<h4 class=\"wp-block-heading\">Escalade : cascades de glace &amp; alpinisme technique<\/h4>\n\n\n\n<p class=\"has-normal-font-size\"><strong><a href=\"https:\/\/www.bureau-guides-auvergne.fr\/cascade-glace-alpinisme-technique-massif-sancy_fr.html\" data-type=\"URL\" data-id=\"https:\/\/www.bureau-guides-auvergne.fr\/cascade-glace-alpinisme-technique-massif-sancy_fr.html\" target=\"_blank\" rel=\"noreferrer noopener\">Bureau des Guides d&rsquo;Auvergne<\/a> <\/strong>&#8211; 07 64 06 34 93<\/p>\n\n\n\n<h4 class=\"wp-block-heading\">Location de mat\u00e9riel (skis &amp; chaussures, surfs, luges, raquettes)<\/h4>\n\n\n\n<p class=\"has-normal-font-size\"><strong><a href=\"https:\/\/www.sancy.com\/commerce-service\/la-godille\/\" data-type=\"URL\" data-id=\"https:\/\/www.sancy.com\/commerce-service\/la-godille\/\" target=\"_blank\" rel=\"noreferrer noopener\">La Godille<\/a><\/strong> Pied du Sancy, 63240 Mont-Dore &#8211; 04 73 65 29 40<\/p>\n\n\n\n<p class=\"has-normal-font-size\"><strong><a href=\"https:\/\/www.bessac-sports.fr\/categories\/sport\/sport-dhiver\/\" target=\"_blank\" rel=\"noreferrer noopener\">Bessac Spor<\/a><a rel=\"noreferrer noopener\" href=\"http:\/\/www.bessac-sports.fr\/fr\/\" data-type=\"URL\" data-id=\"http:\/\/www.bessac-sports.fr\/fr\/\" target=\"_blank\">t<\/a><\/strong> 3, rue Mar\u00e9chal Juin 63240 Le Mont-Dore &#8211; 04 73 65 02 25<\/p>\n\n\n\n<p class=\"has-normal-font-size\"><strong><a href=\"https:\/\/www.location-ski-montdore.fr\/\" data-type=\"URL\" data-id=\"https:\/\/www.location-ski-montdore.fr\/\" target=\"_blank\" rel=\"noreferrer noopener\">Locasport<\/a><\/strong> 67, rue Meynadier 63240 Le Mont Dore &#8211; 04 73 65 29 13<\/p>\n\n\n\n<p class=\"has-normal-font-size\"><strong><a href=\"https:\/\/www.sancy.com\/commerce-service\/le-chamois\/\" data-type=\"URL\" data-id=\"https:\/\/www.sancy.com\/commerce-service\/le-chamois\/\" target=\"_blank\" rel=\"noreferrer noopener\">Le Chamois<\/a><\/strong> 19 Rue Meynadier 63240 Mont-Dore &#8211; 04 73 21 62 84<\/p>\n\n\n\n<p><\/p>\n","protected":false},"excerpt":{"rendered":"<p>Num\u00e9ros utiles Lorsque vous partez en randonn\u00e9e, pensez \u00e0 pr\u00e9venir de votre d\u00e9part et \u00e0 vous munir d\u2019un t\u00e9l\u00e9phone pour joindre les secours en cas &hellip;<\/p>\n","protected":false},"author":1,"featured_media":0,"parent":213,"menu_order":2,"comment_status":"closed","ping_status":"closed","template":"","meta":{"footnotes":""},"class_list":["post-217","page","type-page","status-publish","hentry"],"_links":{"self":[{"href":"https:\/\/gite-les-hautes-pierres.com\/index.php\/wp-json\/wp\/v2\/pages\/217","targetHints":{"allow":["GET"]}}],"collection":[{"href":"https:\/\/gite-les-hautes-pierres.com\/index.php\/wp-json\/wp\/v2\/pages"}],"about":[{"href":"https:\/\/gite-les-hautes-pierres.com\/index.php\/wp-json\/wp\/v2\/types\/page"}],"author":[{"embeddable":true,"href":"https:\/\/gite-les-hautes-pierres.com\/index.php\/wp-json\/wp\/v2\/users\/1"}],"replies":[{"embeddable":true,"href":"https:\/\/gite-les-hautes-pierres.com\/index.php\/wp-json\/wp\/v2\/comments?post=217"}],"version-history":[{"count":39,"href":"https:\/\/gite-les-hautes-pierres.com\/index.php\/wp-json\/wp\/v2\/pages\/217\/revisions"}],"predecessor-version":[{"id":1804,"href":"https:\/\/gite-les-hautes-pierres.com\/index.php\/wp-json\/wp\/v2\/pages\/217\/revisions\/1804"}],"up":[{"embeddable":true,"href":"https:\/\/gite-les-hautes-pierres.com\/index.php\/wp-json\/wp\/v2\/pages\/213"}],"wp:attachment":[{"href":"https:\/\/gite-les-hautes-pierres.com\/index.php\/wp-json\/wp\/v2\/media?parent=217"}],"curies":[{"name":"wp","href":"https:\/\/api.w.org\/{rel}","templated":true}]}}